{"id":532,"date":"2014-12-29T10:13:07","date_gmt":"2014-12-29T09:13:07","guid":{"rendered":"http:\/\/www.3org.com\/site\/cookie-policy\/"},"modified":"2019-11-12T15:54:31","modified_gmt":"2019-11-12T14:54:31","slug":"cookie-policy","status":"publish","type":"page","link":"https:\/\/3org.com\/site\/cookie-policy\/","title":{"rendered":"_Politique de gestion des cookies"},"content":{"rendered":"<p>[et_pb_section admin_label=\u00a0\u00bbsection\u00a0\u00bb]<br \/>\n\t\t[et_pb_row admin_label=\u00a0\u00bbrow\u00a0\u00bb]<br \/>\n\t\t\t[et_pb_column type=\u00a0\u00bb4_4&Prime;][et_pb_text admin_label=\u00a0\u00bbText\u00a0\u00bb]<\/p>\n<h3 style=\"text-align: justify;\"><strong>C\u2019est quoi un cookie\u00a0?<\/strong><\/h3>\n<p style=\"text-align: justify;\">Un cookie est un fichier texte contenant une petite quantit\u00e9 d\u2019informations t\u00e9l\u00e9charg\u00e9es sur votre ordinateur ou votre appareil mobile lors de votre premi\u00e8re visite sur un site Internet. En utilisant ce site, vous nous autorisez \u00e0 installer des cookies sur votre appareil. Cette politique d\u00e9crit la fa\u00e7on dont nous utilisons les cookies et leur utilit\u00e9.<\/p>\n<h3 style=\"text-align: justify;\"><strong>Ce que nous faisons avec vos Cookies<\/strong><\/h3>\n<p style=\"text-align: justify;\">Les informations pr\u00e9sentes dans les cookies de ce site sont exclusivement pour notre usage, exception faite des cookies pos\u00e9s par des tiers qui sont cr\u00e9\u00e9s par des entit\u00e9s externes pour r\u00e9aliser des extractions de donn\u00e9es \u00e0 notre demande en vue d\u2019am\u00e9liorer votre exp\u00e9rience sur le site. Nous utilisons les cookies pour am\u00e9liorer l\u2019utilisation et la fonctionnalit\u00e9 de nos sites web et pour mieux comprendre comment nos visiteurs utilisent ce site web. Le stockage des cookies sur votre ordinateur nous offre une m\u00e9thode facile et pratique pour ce service.<\/p>\n<p style=\"text-align: justify;\">Vous trouverez davantage d\u2019informations sur les cookies sur les sites suivants\u00a0:\u00a0<a href=\"http:\/\/www.allaboutcookies.org\/\">www.allaboutcookies.org<\/a> &#8211; <a href=\"http:\/\/www.aboutcookies.org\/\">www.aboutcookies.org<\/a> &#8211; <a href=\"http:\/\/www.youronlinechoices.eu\/\">www.youronlinechoices.eu<\/a> &#8211;<\/p>\n<h3 style=\"text-align: justify;\"><strong>Ce que nous ne faisons pas avec les cookies<\/strong><\/h3>\n<p style=\"text-align: justify;\">Nous ne stockons pas d\u2019informations personnelles sensibles telles que votre mot de passe, votre adresse, vos informations bancaires, etc. dans les cookies que nous utilisons. Nous ne revendons pas les informations r\u00e9cup\u00e9r\u00e9es gr\u00e2ce aux cookies. Celles-ci ne servent que pour nos sites. Les donn\u00e9es des cookies sont r\u00e9cup\u00e9r\u00e9es de mani\u00e8re anonyme et ne contiennent pas d\u2019informations personnelles ; toutefois, il se peut que nous \u00e9tablissions des corr\u00e9lations entre les informations contenues dans les cookies et les informations personnelles obtenues de vous par d\u2019autres moyens (ex. inscription sur le site web). Les cookies ne sont en aucun cas apparent\u00e9s \u00e0 des logiciels espions. Les cookies ne sont pas une forme de virus et ne peuvent pas endommager votre ordinateur.<\/p>\n<h3 style=\"text-align: justify;\"><strong>Quels sont les types de cookies utilis\u00e9s ?<\/strong><\/h3>\n<p style=\"text-align: justify;\">Lorsque vous visitez ce site web, les types suivants de cookies sont utilis\u00e9s.<\/p>\n<ul>\n<li style=\"text-align: justify;\"><em>Cookies indispensables :\u00a0<\/em>Il s\u2019agit des cookies qui sont absolument n\u00e9cessaires au bon fonctionnement du site web. Sans ces cookies, le pr\u00e9sent site web ne peut pas fonctionner correctement. En cons\u00e9quence, il ne vous est pas possible de d\u00e9sactiver ces cookies indispensables, ou de le faire mais ne plus pouvoir utiliser ce site web.<\/li>\n<li style=\"text-align: justify;\"><em>Cookies fonctionnels :\u00a0<\/em>Il s\u2019agit des cookies qui ont pour r\u00f4le d\u2019am\u00e9liorer la fonctionnalit\u00e9 du site web. Par exemple, les cookies qui m\u00e9morisent les contenus que vous avez pr\u00e9alablement vus sur ce site web ou l\u2019adresse de courriel et les informations de connexion que vous avez indiqu\u00e9s \u00e0 l\u2019occasion d\u2019une visite ant\u00e9rieure sur ce site web. L\u2019utilisation de cookies fonctionnels nous permet donc de rendre le site adapt\u00e9 \u00e0 vos usages et ainsi vous \u00e9viter de devoir introduire \u00e0 nouveau des informations lors de votre prochaine visite.<\/li>\n<\/ul>\n<h3 style=\"text-align: justify;\"><strong>Changer les r\u00e9glages de mon navigateur pour refuser les cookies<\/strong><\/h3>\n<p style=\"text-align: justify;\">Dans la plupart des navigateurs, les cookies sont activ\u00e9s par d\u00e9faut. Vous avez la possibilit\u00e9 de les d\u00e9sactiver compl\u00e8tement au sein de votre navigateur. Attention, si vous d\u00e9sactivez des cookies utilis\u00e9s ici, il se peut que certaines fonctionnalit\u00e9s ou parties de ce site Web ne vous soient plus accessibles.<\/p>\n<p style=\"text-align: justify;\">Selon ce que vous souhaitez et selon le navigateur que vous utilisez, vous devez vous rendre sur la page pr\u00e9vue \u00e0 cet effet afin de param\u00e9trer votre ordinateur, \u00e0 savoir :<\/p>\n<ul>\n<li style=\"text-align: justify;\">Pour Internet Explorer : <a href=\"http:\/\/windows.microsoft.com\/fr-FR\/windows-vista\/Block-or-allow-cookies\">http:\/\/windows.microsoft.com\/fr-FR\/windows-vista\/Block-or-allow-cookies<\/a><\/li>\n<li style=\"text-align: justify;\">Pour Google Chrome : <a href=\"https:\/\/support.google.com\/chrome\/answer\/95647?hl=fr&amp;ref_topic=3421433\">https:\/\/support.google.com\/chrome\/answer\/95647?hl=fr&amp;ref_topic=3421433<\/a><\/li>\n<li style=\"text-align: justify;\">Pour Mozilla Firefox : <a href=\"http:\/\/support.mozilla.org\/fr\/kb\/Activer%20et%20d%C3%A9sactiver%20les%20cookies\">http:\/\/support.mozilla.org\/fr\/kb\/Activer%20et%20d%C3%A9sactiver%20les%20cookies<\/a><\/li>\n<li style=\"text-align: justify;\">Pour Safari : <a href=\"http:\/\/www.apple.com\/fr\/privacy\/use-of-cookies\/\">http:\/\/www.apple.com\/fr\/privacy\/use-of-cookies\/<\/a><\/li>\n<li style=\"text-align: justify;\">Pour Op\u00e9ra : <a href=\"http:\/\/help.opera.com\/Windows\/10.20\/fr\/cookies.html\">http:\/\/help.opera.com\/Windows\/10.20\/fr\/cookies.html<\/a><\/li>\n<\/ul>\n<p style=\"text-align: justify;\">Tous les changements apport\u00e9s aux r\u00e9glages de votre navigateur applicables aux cookies associ\u00e9s au pr\u00e9sent site web seront sauvegard\u00e9s jusqu\u2019\u00e0 ce que vous d\u00e9cidiez de proc\u00e9der \u00e0 d\u2019autres changements, au cas o\u00f9 vous changeriez d\u2019avis.<\/p>\n<h3 style=\"text-align: justify;\"><strong>Sites Internet tiers<\/strong><\/h3>\n<p style=\"text-align: justify;\">Notre site Internet contient des liens renvoyant vers d\u2019autres sites Internet, et nous ne savons pas quels sont les cookies utilis\u00e9s par ces sites. Pour en savoir plus, consultez les informations relatives \u00e0 l\u2019utilisation des cookies sur ces sites tiers.<\/p>\n<h3 style=\"text-align: justify;\"><strong>Mise \u00e0 jour de la Mention L\u00e9gale<\/strong><\/h3>\n<p style=\"text-align: justify;\">Nous nous r\u00e9servons le droit de proc\u00e9der \u00e0 toute modification de la pr\u00e9sente page\u00a0et ce, afin de r\u00e9pondre aux normes impos\u00e9es par les l\u00e9gislations locales. Veuillez vous r\u00e9f\u00e9rer de temps \u00e0 autre pour prendre connaissance de toutes nouvelles informations qui pourraient y \u00eatre ajout\u00e9es.<\/p>\n<h3 style=\"text-align: justify;\"><strong>En savoir plus\u00a0:<\/strong><\/h3>\n<ul style=\"text-align: justify;\">\n<li><a href=\"http:\/\/www.allaboutcookies.org\/\">http:\/\/www.allaboutcookies.org<\/a>,<\/li>\n<li><a href=\"http:\/\/www.cnil.fr\/vos-droits\/vos-traces\/les-cookies\/\">http:\/\/www.cnil.fr\/vos-droits\/vos-traces\/les-cookies\/<\/a><\/li>\n<\/ul>\n<p style=\"text-align: justify;\">Pour toutes questions sur l\u2019utilisation des cookies, vous pouvez nous contacter\u00a0par le formulaire pr\u00e9vu \u00e0 cet usage sur ce site.<\/p>\n<p>[\/et_pb_text][\/et_pb_column]<br \/>\n\t\t[\/et_pb_row]<br \/>\n\t[\/et_pb_section]<\/p>\n","protected":false},"excerpt":{"rendered":"<p>C\u2019est quoi un cookie\u00a0? Un cookie est un fichier texte contenant une petite quantit\u00e9 d\u2019informations t\u00e9l\u00e9charg\u00e9es sur votre ordinateur ou votre appareil mobile lors de votre premi\u00e8re visite sur un site Internet. En utilisant ce site, vous nous autorisez \u00e0 installer des cookies sur votre appareil. Cette politique d\u00e9crit la fa\u00e7on dont nous utilisons les [&hellip;]<\/p>\n","protected":false},"author":4,"featured_media":0,"parent":0,"menu_order":0,"comment_status":"closed","ping_status":"closed","template":"","meta":{"_et_pb_use_builder":"on","_et_pb_old_content":"<h3 style=\"text-align: justify;\"><strong>C\u2019est quoi un cookie\u00a0?<\/strong><\/h3>\r\n<p style=\"text-align: justify;\">Un cookie est un fichier texte contenant une petite quantit\u00e9 d\u2019informations t\u00e9l\u00e9charg\u00e9es sur votre ordinateur ou votre appareil mobile lors de votre premi\u00e8re visite sur un site Internet. En utilisant ce site, vous nous autorisez \u00e0 installer des cookies sur votre appareil. Cette politique d\u00e9crit la fa\u00e7on dont nous utilisons les cookies et leur utilit\u00e9.<\/p>\r\n\r\n<h3 style=\"text-align: justify;\"><strong>Ce que nous faisons avec vos Cookies<\/strong><\/h3>\r\n<p style=\"text-align: justify;\">Les informations pr\u00e9sentes dans les cookies de ce site sont exclusivement pour notre usage, exception faite des cookies pos\u00e9s par des tiers qui sont cr\u00e9\u00e9s par des entit\u00e9s externes pour r\u00e9aliser des extractions de donn\u00e9es \u00e0 notre demande en vue d\u2019am\u00e9liorer votre exp\u00e9rience sur le site. Nous utilisons les cookies pour am\u00e9liorer l\u2019utilisation et la fonctionnalit\u00e9 de nos sites web et pour mieux comprendre comment nos visiteurs utilisent ce site web. Le stockage des cookies sur votre ordinateur nous offre une m\u00e9thode facile et pratique pour ce service.<\/p>\r\n<p style=\"text-align: justify;\">Vous trouverez davantage d\u2019informations sur les cookies sur les sites suivants\u00a0:\u00a0<a href=\"http:\/\/www.allaboutcookies.org\/\">www.allaboutcookies.org<\/a> - <a href=\"http:\/\/www.aboutcookies.org\/\">www.aboutcookies.org<\/a> - <a href=\"http:\/\/www.youronlinechoices.eu\/\">www.youronlinechoices.eu<\/a> -<\/p>\r\n\r\n<h3 style=\"text-align: justify;\"><strong>Ce que nous ne faisons pas avec les cookies<\/strong><\/h3>\r\n<p style=\"text-align: justify;\">Nous ne stockons pas d\u2019informations personnelles sensibles telles que votre mot de passe, votre adresse, vos informations bancaires, etc. dans les cookies que nous utilisons. Nous ne revendons pas les informations r\u00e9cup\u00e9r\u00e9es gr\u00e2ce aux cookies. Celles-ci ne servent que pour nos sites. Les donn\u00e9es des cookies sont r\u00e9cup\u00e9r\u00e9es de mani\u00e8re anonyme et ne contiennent pas d\u2019informations personnelles ; toutefois, il se peut que nous \u00e9tablissions des corr\u00e9lations entre les informations contenues dans les cookies et les informations personnelles obtenues de vous par d\u2019autres moyens (ex. inscription sur le site web). Les cookies ne sont en aucun cas apparent\u00e9s \u00e0 des logiciels espions. Les cookies ne sont pas une forme de virus et ne peuvent pas endommager votre ordinateur.<\/p>\r\n\r\n<h3 style=\"text-align: justify;\"><strong>Quels sont les types de cookies utilis\u00e9s ?<\/strong><\/h3>\r\n<p style=\"text-align: justify;\">Lorsque vous visitez ce site web, les types suivants de cookies sont utilis\u00e9s.<\/p>\r\n\r\n<ul>\r\n\t<li style=\"text-align: justify;\"><em>Cookies indispensables :\u00a0<\/em>Il s\u2019agit des cookies qui sont absolument n\u00e9cessaires au bon fonctionnement du site web. Sans ces cookies, le pr\u00e9sent site web ne peut pas fonctionner correctement. En cons\u00e9quence, il ne vous est pas possible de d\u00e9sactiver ces cookies indispensables, ou de le faire mais ne plus pouvoir utiliser ce site web.<\/li>\r\n\t<li style=\"text-align: justify;\"><em>Cookies fonctionnels :\u00a0<\/em>Il s\u2019agit des cookies qui ont pour r\u00f4le d\u2019am\u00e9liorer la fonctionnalit\u00e9 du site web. Par exemple, les cookies qui m\u00e9morisent les contenus que vous avez pr\u00e9alablement vus sur ce site web ou l\u2019adresse de courriel et les informations de connexion que vous avez indiqu\u00e9s \u00e0 l\u2019occasion d\u2019une visite ant\u00e9rieure sur ce site web. L\u2019utilisation de cookies fonctionnels nous permet donc de rendre le site adapt\u00e9 \u00e0 vos usages et ainsi vous \u00e9viter de devoir introduire \u00e0 nouveau des informations lors de votre prochaine visite.<\/li>\r\n<\/ul>\r\n<h3 style=\"text-align: justify;\"><strong>Changer les r\u00e9glages de mon navigateur pour refuser les cookies<\/strong><\/h3>\r\n<p style=\"text-align: justify;\">Dans la plupart des navigateurs, les cookies sont activ\u00e9s par d\u00e9faut. Vous avez la possibilit\u00e9 de les d\u00e9sactiver compl\u00e8tement au sein de votre navigateur. Attention, si vous d\u00e9sactivez des cookies utilis\u00e9s ici, il se peut que certaines fonctionnalit\u00e9s ou parties de ce site Web ne vous soient plus accessibles.<\/p>\r\n<p style=\"text-align: justify;\">Selon ce que vous souhaitez et selon le navigateur que vous utilisez, vous devez vous rendre sur la page pr\u00e9vue \u00e0 cet effet afin de param\u00e9trer votre ordinateur, \u00e0 savoir :<\/p>\r\n\r\n<ul>\r\n\t<li style=\"text-align: justify;\">Pour Internet Explorer : <a href=\"http:\/\/windows.microsoft.com\/fr-FR\/windows-vista\/Block-or-allow-cookies\">http:\/\/windows.microsoft.com\/fr-FR\/windows-vista\/Block-or-allow-cookies<\/a><\/li>\r\n\t<li style=\"text-align: justify;\">Pour Google Chrome : <a href=\"https:\/\/support.google.com\/chrome\/answer\/95647?hl=fr&amp;ref_topic=3421433\">https:\/\/support.google.com\/chrome\/answer\/95647?hl=fr&amp;ref_topic=3421433<\/a><\/li>\r\n\t<li style=\"text-align: justify;\">Pour Mozilla Firefox : <a href=\"http:\/\/support.mozilla.org\/fr\/kb\/Activer%20et%20d%C3%A9sactiver%20les%20cookies\">http:\/\/support.mozilla.org\/fr\/kb\/Activer%20et%20d%C3%A9sactiver%20les%20cookies<\/a><\/li>\r\n\t<li style=\"text-align: justify;\">Pour Safari : <a href=\"http:\/\/www.apple.com\/fr\/privacy\/use-of-cookies\/\">http:\/\/www.apple.com\/fr\/privacy\/use-of-cookies\/<\/a><\/li>\r\n\t<li style=\"text-align: justify;\">Pour Op\u00e9ra : <a href=\"http:\/\/help.opera.com\/Windows\/10.20\/fr\/cookies.html\">http:\/\/help.opera.com\/Windows\/10.20\/fr\/cookies.html<\/a><\/li>\r\n<\/ul>\r\n<p style=\"text-align: justify;\">Tous les changements apport\u00e9s aux r\u00e9glages de votre navigateur applicables aux cookies associ\u00e9s au pr\u00e9sent site web seront sauvegard\u00e9s jusqu\u2019\u00e0 ce que vous d\u00e9cidiez de proc\u00e9der \u00e0 d\u2019autres changements, au cas o\u00f9 vous changeriez d\u2019avis.<\/p>\r\n\r\n<h3 style=\"text-align: justify;\"><strong>Sites Internet tiers<\/strong><\/h3>\r\n<p style=\"text-align: justify;\">Notre site Internet contient des liens renvoyant vers d\u2019autres sites Internet, et nous ne savons pas quels sont les cookies utilis\u00e9s par ces sites. Pour en savoir plus, consultez les informations relatives \u00e0 l\u2019utilisation des cookies sur ces sites tiers.<\/p>\r\n\r\n<h3 style=\"text-align: justify;\"><strong>Mise \u00e0 jour de la Mention L\u00e9gale<\/strong><\/h3>\r\n<p style=\"text-align: justify;\">Nous nous r\u00e9servons le droit de proc\u00e9der \u00e0 toute modification de la pr\u00e9sente page\u00a0et ce, afin de r\u00e9pondre aux normes impos\u00e9es par les l\u00e9gislations locales. Veuillez vous r\u00e9f\u00e9rer de temps \u00e0 autre pour prendre connaissance de toutes nouvelles informations qui pourraient y \u00eatre ajout\u00e9es.<\/p>\r\n\r\n<h3 style=\"text-align: justify;\"><strong>En savoir plus\u00a0:<\/strong><\/h3>\r\n<ul style=\"text-align: justify;\">\r\n\t<li><a href=\"http:\/\/www.allaboutcookies.org\/\">http:\/\/www.allaboutcookies.org<\/a>,<\/li>\r\n\t<li><a href=\"http:\/\/www.cnil.fr\/vos-droits\/vos-traces\/les-cookies\/\">http:\/\/www.cnil.fr\/vos-droits\/vos-traces\/les-cookies\/<\/a><\/li>\r\n<\/ul>\r\n<p style=\"text-align: justify;\">Pour toutes questions sur l\u2019utilisation des cookies, vous pouvez nous contacter\u00a0par le formulaire pr\u00e9vu \u00e0 cet usage sur ce site.<\/p>","_et_gb_content_width":"","jetpack_post_was_ever_published":false,"footnotes":""},"class_list":["post-532","page","type-page","status-publish","hentry"],"yoast_head":"<!-- This site is optimized with the Yoast SEO plugin v27.4 - https:\/\/yoast.com\/product\/yoast-seo-wordpress\/ -->\n<title>_Politique de gestion des cookies - 3org - Mentorat en gouvernance de l&#039;information<\/title>\n<meta name=\"robots\" content=\"index, follow, max-snippet:-1, max-image-preview:large, max-video-preview:-1\" \/>\n<link rel=\"canonical\" href=\"https:\/\/3org.com\/site\/cookie-policy\/\" \/>\n<meta property=\"og:locale\" content=\"fr_FR\" \/>\n<meta property=\"og:type\" content=\"article\" \/>\n<meta property=\"og:title\" content=\"_Politique de gestion des cookies - 3org - Mentorat en gouvernance de l&#039;information\" \/>\n<meta property=\"og:description\" content=\"C\u2019est quoi un cookie\u00a0? Un cookie est un fichier texte contenant une petite quantit\u00e9 d\u2019informations t\u00e9l\u00e9charg\u00e9es sur votre ordinateur ou votre appareil mobile lors de votre premi\u00e8re visite sur un site Internet. En utilisant ce site, vous nous autorisez \u00e0 installer des cookies sur votre appareil. Cette politique d\u00e9crit la fa\u00e7on dont nous utilisons les [&hellip;]\" \/>\n<meta property=\"og:url\" content=\"https:\/\/3org.com\/site\/cookie-policy\/\" \/>\n<meta property=\"og:site_name\" content=\"3org - Mentorat en gouvernance de l&#039;information\" \/>\n<meta property=\"article:modified_time\" content=\"2019-11-12T14:54:31+00:00\" \/>\n<meta name=\"twitter:card\" content=\"summary_large_image\" \/>\n<meta name=\"twitter:label1\" content=\"Dur\u00e9e de lecture estim\u00e9e\" \/>\n\t<meta name=\"twitter:data1\" content=\"4 minutes\" \/>\n<script type=\"application\/ld+json\" class=\"yoast-schema-graph\">{\"@context\":\"https:\\\/\\\/schema.org\",\"@graph\":[{\"@type\":\"WebPage\",\"@id\":\"https:\\\/\\\/3org.com\\\/site\\\/cookie-policy\\\/\",\"url\":\"https:\\\/\\\/3org.com\\\/site\\\/cookie-policy\\\/\",\"name\":\"_Politique de gestion des cookies - 3org - Mentorat en gouvernance de l&#039;information\",\"isPartOf\":{\"@id\":\"https:\\\/\\\/3org.com\\\/site\\\/#website\"},\"datePublished\":\"2014-12-29T09:13:07+00:00\",\"dateModified\":\"2019-11-12T14:54:31+00:00\",\"breadcrumb\":{\"@id\":\"https:\\\/\\\/3org.com\\\/site\\\/cookie-policy\\\/#breadcrumb\"},\"inLanguage\":\"fr-FR\",\"potentialAction\":[{\"@type\":\"ReadAction\",\"target\":[\"https:\\\/\\\/3org.com\\\/site\\\/cookie-policy\\\/\"]}]},{\"@type\":\"BreadcrumbList\",\"@id\":\"https:\\\/\\\/3org.com\\\/site\\\/cookie-policy\\\/#breadcrumb\",\"itemListElement\":[{\"@type\":\"ListItem\",\"position\":1,\"name\":\"Accueil\",\"item\":\"https:\\\/\\\/3org.com\\\/site\\\/\"},{\"@type\":\"ListItem\",\"position\":2,\"name\":\"_Politique de gestion des cookies\"}]},{\"@type\":\"WebSite\",\"@id\":\"https:\\\/\\\/3org.com\\\/site\\\/#website\",\"url\":\"https:\\\/\\\/3org.com\\\/site\\\/\",\"name\":\"3org - Mentorat en gouvernance de l&#039;information\",\"description\":\"3org Conseil et mentorat en gestion du flux Information et gouvernance de l&#039;information\",\"publisher\":{\"@id\":\"https:\\\/\\\/3org.com\\\/site\\\/#organization\"},\"potentialAction\":[{\"@type\":\"SearchAction\",\"target\":{\"@type\":\"EntryPoint\",\"urlTemplate\":\"https:\\\/\\\/3org.com\\\/site\\\/?s={search_term_string}\"},\"query-input\":{\"@type\":\"PropertyValueSpecification\",\"valueRequired\":true,\"valueName\":\"search_term_string\"}}],\"inLanguage\":\"fr-FR\"},{\"@type\":\"Organization\",\"@id\":\"https:\\\/\\\/3org.com\\\/site\\\/#organization\",\"name\":\"3org\",\"url\":\"https:\\\/\\\/3org.com\\\/site\\\/\",\"logo\":{\"@type\":\"ImageObject\",\"inLanguage\":\"fr-FR\",\"@id\":\"https:\\\/\\\/3org.com\\\/site\\\/#\\\/schema\\\/logo\\\/image\\\/\",\"url\":\"https:\\\/\\\/i0.wp.com\\\/3org.com\\\/site\\\/wp-content\\\/uploads\\\/2015\\\/04\\\/Logo-3org-HR-Trans.png?fit=1172%2C459&ssl=1\",\"contentUrl\":\"https:\\\/\\\/i0.wp.com\\\/3org.com\\\/site\\\/wp-content\\\/uploads\\\/2015\\\/04\\\/Logo-3org-HR-Trans.png?fit=1172%2C459&ssl=1\",\"width\":1172,\"height\":459,\"caption\":\"3org\"},\"image\":{\"@id\":\"https:\\\/\\\/3org.com\\\/site\\\/#\\\/schema\\\/logo\\\/image\\\/\"}}]}<\/script>\n<!-- \/ Yoast SEO plugin. -->","yoast_head_json":{"title":"_Politique de gestion des cookies - 3org - Mentorat en gouvernance de l&#039;information","robots":{"index":"index","follow":"follow","max-snippet":"max-snippet:-1","max-image-preview":"max-image-preview:large","max-video-preview":"max-video-preview:-1"},"canonical":"https:\/\/3org.com\/site\/cookie-policy\/","og_locale":"fr_FR","og_type":"article","og_title":"_Politique de gestion des cookies - 3org - Mentorat en gouvernance de l&#039;information","og_description":"C\u2019est quoi un cookie\u00a0? Un cookie est un fichier texte contenant une petite quantit\u00e9 d\u2019informations t\u00e9l\u00e9charg\u00e9es sur votre ordinateur ou votre appareil mobile lors de votre premi\u00e8re visite sur un site Internet. En utilisant ce site, vous nous autorisez \u00e0 installer des cookies sur votre appareil. Cette politique d\u00e9crit la fa\u00e7on dont nous utilisons les [&hellip;]","og_url":"https:\/\/3org.com\/site\/cookie-policy\/","og_site_name":"3org - Mentorat en gouvernance de l&#039;information","article_modified_time":"2019-11-12T14:54:31+00:00","twitter_card":"summary_large_image","twitter_misc":{"Dur\u00e9e de lecture estim\u00e9e":"4 minutes"},"schema":{"@context":"https:\/\/schema.org","@graph":[{"@type":"WebPage","@id":"https:\/\/3org.com\/site\/cookie-policy\/","url":"https:\/\/3org.com\/site\/cookie-policy\/","name":"_Politique de gestion des cookies - 3org - Mentorat en gouvernance de l&#039;information","isPartOf":{"@id":"https:\/\/3org.com\/site\/#website"},"datePublished":"2014-12-29T09:13:07+00:00","dateModified":"2019-11-12T14:54:31+00:00","breadcrumb":{"@id":"https:\/\/3org.com\/site\/cookie-policy\/#breadcrumb"},"inLanguage":"fr-FR","potentialAction":[{"@type":"ReadAction","target":["https:\/\/3org.com\/site\/cookie-policy\/"]}]},{"@type":"BreadcrumbList","@id":"https:\/\/3org.com\/site\/cookie-policy\/#breadcrumb","itemListElement":[{"@type":"ListItem","position":1,"name":"Accueil","item":"https:\/\/3org.com\/site\/"},{"@type":"ListItem","position":2,"name":"_Politique de gestion des cookies"}]},{"@type":"WebSite","@id":"https:\/\/3org.com\/site\/#website","url":"https:\/\/3org.com\/site\/","name":"3org - Mentorat en gouvernance de l&#039;information","description":"3org Conseil et mentorat en gestion du flux Information et gouvernance de l&#039;information","publisher":{"@id":"https:\/\/3org.com\/site\/#organization"},"potentialAction":[{"@type":"SearchAction","target":{"@type":"EntryPoint","urlTemplate":"https:\/\/3org.com\/site\/?s={search_term_string}"},"query-input":{"@type":"PropertyValueSpecification","valueRequired":true,"valueName":"search_term_string"}}],"inLanguage":"fr-FR"},{"@type":"Organization","@id":"https:\/\/3org.com\/site\/#organization","name":"3org","url":"https:\/\/3org.com\/site\/","logo":{"@type":"ImageObject","inLanguage":"fr-FR","@id":"https:\/\/3org.com\/site\/#\/schema\/logo\/image\/","url":"https:\/\/i0.wp.com\/3org.com\/site\/wp-content\/uploads\/2015\/04\/Logo-3org-HR-Trans.png?fit=1172%2C459&ssl=1","contentUrl":"https:\/\/i0.wp.com\/3org.com\/site\/wp-content\/uploads\/2015\/04\/Logo-3org-HR-Trans.png?fit=1172%2C459&ssl=1","width":1172,"height":459,"caption":"3org"},"image":{"@id":"https:\/\/3org.com\/site\/#\/schema\/logo\/image\/"}}]}},"jetpack_shortlink":"https:\/\/wp.me\/P3WHv2-8A","jetpack_sharing_enabled":false,"_links":{"self":[{"href":"https:\/\/3org.com\/site\/wp-json\/wp\/v2\/pages\/532","targetHints":{"allow":["GET"]}}],"collection":[{"href":"https:\/\/3org.com\/site\/wp-json\/wp\/v2\/pages"}],"about":[{"href":"https:\/\/3org.com\/site\/wp-json\/wp\/v2\/types\/page"}],"author":[{"embeddable":true,"href":"https:\/\/3org.com\/site\/wp-json\/wp\/v2\/users\/4"}],"replies":[{"embeddable":true,"href":"https:\/\/3org.com\/site\/wp-json\/wp\/v2\/comments?post=532"}],"version-history":[{"count":0,"href":"https:\/\/3org.com\/site\/wp-json\/wp\/v2\/pages\/532\/revisions"}],"wp:attachment":[{"href":"https:\/\/3org.com\/site\/wp-json\/wp\/v2\/media?parent=532"}],"curies":[{"name":"wp","href":"https:\/\/api.w.org\/{rel}","templated":true}]}}